{"id":824,"date":"2013-04-18T17:59:48","date_gmt":"2013-04-18T16:59:48","guid":{"rendered":"https:\/\/psicologo-especialista-barcelona.com\/blog\/?page_id=824"},"modified":"2014-09-02T18:00:58","modified_gmt":"2014-09-02T17:00:58","slug":"tengo-esquizofrenia","status":"publish","type":"page","link":"https:\/\/psicologo-especialista-barcelona.com\/blog\/apoyo-psicologico\/tengo-esquizofrenia\/","title":{"rendered":"\u00bfEs cierto que tengo esquizofrenia?"},"content":{"rendered":"<p><span style=\"color: #ff9900;\">PREGUNTA<\/span><\/p>\n<p style=\"text-align: justify;\"><strong>\u00bfEs cierto que tengo esquizofrenia?<\/strong><\/p>\n<p style=\"text-align: justify;\">Tengo 18 a\u00f1os de edad, desde los 12 he vivido varias etapas depresivas, me he tratado de suicidar en m\u00e1s de cinco ocasiones, pero no lo consigo, he visitado especialistas pero estos no me han entendido ni ayudado en nada, estoy cansada de causarle problemas a mi familia. Estos no han sido capaces de entenderme&#8230; Lo que realmente me pasa es que fui sexualmente abusada por mi mejor amigo varias veces, hasta que \u00e9l se suicid\u00f3; pero a pesar de que \u00e9l visitaba mi casa y viv\u00eda muy cerca de la m\u00eda hoy mis padres dicen que nunca lo conocieron y a pesar de que les muestro im\u00e1genes de \u00e9l, aseguran no verlo.<\/p>\n<p style=\"text-align: justify;\">Deseo saber si es cierto que tengo esquizofrenia?<\/p>\n<p style=\"text-align: justify;\">NOTA: en algunas ocasiones me comporto como si fuera bipolar, pero lo hago porque no tengo otra salida, todas las personas que conozco se ponen en mi contra y la verdad es que no hago nada para hacerlos sentir mal. Perd\u00f3n si se extendi\u00f3 mucho mi consulta, pero necesitaba ser un poco clara, gracias de antemano por escucharme.<\/p>\n<p style=\"text-align: justify;\"><img loading=\"lazy\" class=\"aligncenter size-full wp-image-825\" alt=\"Tengo esquizofrenia\" src=\"https:\/\/psicologo-especialista-barcelona.com\/blog\/wp-content\/uploads\/2013\/04\/tengo-esquizofrenia.jpg\" width=\"310\" height=\"387\" srcset=\"https:\/\/psicologo-especialista-barcelona.com\/blog\/wp-content\/uploads\/2013\/04\/tengo-esquizofrenia.jpg 310w, https:\/\/psicologo-especialista-barcelona.com\/blog\/wp-content\/uploads\/2013\/04\/tengo-esquizofrenia-240x300.jpg 240w\" sizes=\"(max-width: 310px) 100vw, 310px\" \/><\/p>\n<p><span style=\"color: #00d600;\">RESPUESTA<\/span><\/p>\n<p style=\"text-align: justify;\">Antes de nada agradecerte tu consulta, ya que me imagino que no habr\u00e1 sido nada sencillo decidirte a escribir en el blog explicando tu caso particular. Lo cierto es que planteas una situaci\u00f3n muy compleja de aclarar por lo que intentar\u00e9 ser lo m\u00e1s espec\u00edfico posible dentro de la dificultad o m\u00e1s bien imposibilidad de realizar un diagn\u00f3stico a partir de la informaci\u00f3n que nos facilitas.<\/p>\n<p style=\"text-align: justify;\">Entiendo que tu pregunta principal es si puedes padecer esquizofrenia, por lo que me imagino que alguno de los especialistas que has visitado, te ha sugerido o directamente te ha afirmado que tienes esquizofrenia.\u00a0 Lo primero de todo es aclarar que para el diagn\u00f3stico de esquizofrenia es necesario e imprescindible que la persona haya tenido dos o m\u00e1s de los dos siguientes s\u00edntomas caracter\u00edsticos, durante al menos una parte significativa de un periodo de 1 mes (o menos si ha sido tratado con \u00e9xito)<\/p>\n<ul>\n<li>Ideas delirantes<\/li>\n<li>Alucinaciones<\/li>\n<li>Lenguaje desorganizado (p.ej., descarrilamiento frecuente o incoherencia)<\/li>\n<li>Comportamiento catat\u00f3nico o gravemente desorganizado<\/li>\n<li>S\u00edntomas negativos, como aplanamiento afectivo, alogia o abulia<\/li>\n<\/ul>\n<p style=\"text-align: justify;\">Dentro de estos s\u00edntomas los m\u00e1s definitorios de una esquizofrenia son los <a title=\"M\u00e1s informaci\u00f3n sobre los delirios y las alucinaciones\" href=\"http:\/\/psicologo-especialista-barcelona.com\/que_son_delirios_o_alucinaciones.html\" target=\"_blank\">delirios y las alucinaciones,<\/a> ambos s\u00edntomas son muy f\u00e1cilmente identificables por terceras personas pero muy complicados de identificar por la persona que los padece, gener\u00e1ndole un sentimiento de incomprensi\u00f3n y amenaza por parte de su entorno.<\/p>\n<p style=\"text-align: justify;\">En tu explicaci\u00f3n de lo que te ocurre, no deja de sorprender que afirmas que le muestras im\u00e1genes a tus padres de una persona que ellos afirman no poder ver, pero que t\u00fa claramente ves. Aqu\u00ed se plantea el primer dilema, otras personas conocen, han conocido o han visto a la persona que afirmas que era tu mejor amigo y que abus\u00f3 de ti?. Y siento preguntarlo de forma tan directa puesto en caso que nadie m\u00e1s supiera de esta persona deber\u00edamos poder considerar la opci\u00f3n que esta persona formara parte de una alucinaci\u00f3n o delirio personal. Lo cual nos dar\u00eda un indicio de una posible enfermedad como la esquizofrenia. En caso que esta persona haya existido, tengamos pruebas fehacientes de su presencia, fotograf\u00edas, mails, facturas a su nombre&#8230; podr\u00edamos descartar el tema de las alucinaciones o delirios y por lo tanto es mucho m\u00e1s dif\u00edcil el poder considerar que tengas esquizofrenia.<\/p>\n<p style=\"text-align: justify;\">A qu\u00e9 me estoy refiriendo? de alguna manera es necesario poder aclarar si has padecido, o padeces en la actualidad alg\u00fan tipo de delirio o alucinaci\u00f3n, este elemento ser\u00eda definitorio para poder aclarar si puedes padecer una esquizofrenia o no. Entiende que por escrito es completamente imposible que te pueda diagnosticar o simplemente contradecir a un especialista que te haya visitado en persona, pero si sigues teniendo dudas te animo a que consultes con m\u00e1s especialistas pero preferiblemente de forma presencial. Entiendo que no es agradable explicarle esto a m\u00e1s personas pero es muy importante que entiendas qu\u00e9 te est\u00e1 pasando.<\/p>\n<p style=\"text-align: justify;\">Por lo menos espero poder haberte aclarado aunque sea un par de conceptos de una enfermedad tan compleja como es la esquizofrenia. De nuevo muchas gracias por tu consulta.<\/p>\n<p style=\"text-align: justify;\">Rub\u00e9n Blasco<\/p>\n<p>&nbsp;<\/p>\n<p style=\"text-align: center;\">Si quieres participar en el blog y preguntarnos algo como ha hecho esta persona, haz click aqu\u00ed.<\/p>\n<p><a href=\"https:\/\/psicologo-especialista-barcelona.com\/blog\/preguntas-y-respuestas\/\"><img loading=\"lazy\" class=\"aligncenter size-full wp-image-697\" title=\"El psic\u00f3logo contestar\u00e1 tus preguntas\" alt=\"manda-tu-consulta\" src=\"https:\/\/psicologo-especialista-barcelona.com\/blog\/wp-content\/uploads\/2012\/12\/manda-tu-consulta.png\" width=\"200\" height=\"107\" \/><\/a><\/p>\n<p>Rub\u00e9n Blasco, Psic\u00f3logo Colegiado N\u00ba 14830.<\/p>\n<p>M\u00e1s informaci\u00f3n en<a href=\"http:\/\/psicologo-especialista-barcelona.com\" target=\"_blank\"> psicologo-especialista-barcelona.com<\/a><\/p>\n","protected":false},"excerpt":{"rendered":"<p>PREGUNTA \u00bfEs cierto que tengo esquizofrenia? Tengo 18 a\u00f1os de edad, desde los 12 he vivido varias etapas depresivas, me he tratado de suicidar en m\u00e1s de cinco ocasiones, pero no lo consigo, he visitado especialistas pero estos no me han entendido ni ayudado en nada, estoy cansada de causarle problemas a mi familia. Estos &hellip; <\/p>\n<p><a class=\"more-link btn\" href=\"https:\/\/psicologo-especialista-barcelona.com\/blog\/apoyo-psicologico\/tengo-esquizofrenia\/\">Seguir leyendo<\/a><\/p>\n","protected":false},"author":1,"featured_media":0,"parent":630,"menu_order":0,"comment_status":"open","ping_status":"open","template":"","meta":[],"aioseo_notices":[],"_links":{"self":[{"href":"https:\/\/psicologo-especialista-barcelona.com\/blog\/wp-json\/wp\/v2\/pages\/824"}],"collection":[{"href":"https:\/\/psicologo-especialista-barcelona.com\/blog\/wp-json\/wp\/v2\/pages"}],"about":[{"href":"https:\/\/psicologo-especialista-barcelona.com\/blog\/wp-json\/wp\/v2\/types\/page"}],"author":[{"embeddable":true,"href":"https:\/\/psicologo-especialista-barcelona.com\/blog\/wp-json\/wp\/v2\/users\/1"}],"replies":[{"embeddable":true,"href":"https:\/\/psicologo-especialista-barcelona.com\/blog\/wp-json\/wp\/v2\/comments?post=824"}],"version-history":[{"count":10,"href":"https:\/\/psicologo-especialista-barcelona.com\/blog\/wp-json\/wp\/v2\/pages\/824\/revisions"}],"predecessor-version":[{"id":1561,"href":"https:\/\/psicologo-especialista-barcelona.com\/blog\/wp-json\/wp\/v2\/pages\/824\/revisions\/1561"}],"up":[{"embeddable":true,"href":"https:\/\/psicologo-especialista-barcelona.com\/blog\/wp-json\/wp\/v2\/pages\/630"}],"wp:attachment":[{"href":"https:\/\/psicologo-especialista-barcelona.com\/blog\/wp-json\/wp\/v2\/media?parent=824"}],"curies":[{"name":"wp","href":"https:\/\/api.w.org\/{rel}","templated":true}]}}