{"id":1851,"date":"2018-06-06T11:27:01","date_gmt":"2018-06-06T10:27:01","guid":{"rendered":"https:\/\/psicologo-especialista-barcelona.com\/blog\/?page_id=1851"},"modified":"2018-06-06T11:31:14","modified_gmt":"2018-06-06T10:31:14","slug":"politica-de-cookies-2","status":"publish","type":"page","link":"https:\/\/psicologo-especialista-barcelona.com\/blog\/politica-de-cookies-2\/","title":{"rendered":"Pol\u00edtica de cookies"},"content":{"rendered":"<h2><span style=\"color: #339966;\"><strong>Pol\u00edtica de cookies<\/strong><\/span><\/h2>\n<p>Esta web utiliza cookies propias y de terceros para mejorar la experiencia de navegaci\u00f3n por nuestro sitio web.<\/p>\n<p>Si contin\u00faa navegando sin cambiar sus preferencias sobre cookies, asumiremos que acepta recibir todas las cookies de nuestro sitio web. No obstante puede cambiar sus preferencias sobre cookies en cualquier momento en la configuraci\u00f3n de su navegador.<\/p>\n<h4><span style=\"color: #339966;\"><strong>\u00bfQu\u00e9 son las cookies?<\/strong><\/span><\/h4>\n<p>Una cookie es un peque\u00f1o fragmento de texto que los sitios web que visita env\u00edan al navegador y que permite que el sitio web recuerde informaci\u00f3n sobre su visita, como su idioma preferido y otras opciones. Las cookies son importantes para el funcionamiento de la web, ya que pueden facilitar su pr\u00f3xima visita y hacer que el sitio le resulte m\u00e1s \u00fatil. Sin ellas, ciertas funcionalidades de la web podr\u00edan no funcionar correctamente o dejar de funcionar por completo.<\/p>\n<h4><strong><span style=\"color: #339966;\">\u00bfPara qu\u00e9 sirven?<\/span><\/strong><\/h4>\n<p>La principal funci\u00f3n de las cookies es el control de usuarios. Esto es, por ejemplo, cuando un usuario introduce su nombre de usuario y contrase\u00f1a, se almacena una cookie en su navegador para que, por su comodidad, no tenga que volver a introducir esos datos cada vez que quiera visitar la p\u00e1gina.<\/p>\n<p>Tambi\u00e9n se utilizan para guardar las preferencias de visualizaci\u00f3n de las web por cada usuario\/a tanto a nivel de presentaci\u00f3n del contenido como de la funcionalidad, y para realizar seguimientos de usuarios a lo largo de un sitio web para obtener estad\u00edsticas de uso de una web por parte de sus usuarios\/as.<\/p>\n<h4><strong><span style=\"color: #339966;\">\u00bfLas cookies son malas?<\/span><\/strong><\/h4>\n<p>Existen algunas creencias equivocadas y falsos mitos acerca de las cookies:<\/p>\n<ul>\n<li>Las cookies son similares a virus en que pueden borrar datos de los discos duros de los usuarios\/as.<\/li>\n<li>Las cookies son un tipo de spyware porque pueden leer informaci\u00f3n personal almacenada en el ordenador de los usuarios.<\/li>\n<li>Las cookies generan popups.<\/li>\n<li>Las cookies se utilizan para generar spam.<\/li>\n<li>Las cookies s\u00f3lo se utilizan con fines publicitarios.<\/li>\n<\/ul>\n<p>En realidad, las cookies son s\u00f3lo datos, no c\u00f3digo, por lo que no pueden borrar ni leer informaci\u00f3n del ordenador de los usuarios\/as. Sin embargo, las cookies permiten detectar las p\u00e1ginas visitadas por un usuario\/a en un pc determinado y, aunque dicha informaci\u00f3n se recopila en un perfil an\u00f3nimo (sin informaci\u00f3n personal) pueden ser consultados por terceros que accedan al pc y consulten el historial y las cookies del navegador.<\/p>\n<h4><strong><span style=\"color: #339966;\">\u00bfCu\u00e1nto tiempo duran?<\/span><\/strong><\/h4>\n<p>Las cookies permanecen instaladas en el navegador un tiempo variable dependiendo del tipo antes de eliminarse. Por ejemplo, las cookies que guardan los datos del inicio de sesi\u00f3n duran dos d\u00edas, si adem\u00e1s seleccionas \u201cRecu\u00e9rdame\u201d durar\u00e1n dos semanas. Si sales de tu cuenta, las cookies de inicio de sesi\u00f3n se eliminar\u00e1n autom\u00e1ticamente.<\/p>\n<h4><strong><span style=\"color: #339966;\">\u00bfPuedo gestionar las cookies en el navegador?<\/span><\/strong><\/h4>\n<p>Las cookies pueden ser borradas, aceptadas o bloqueadas seg\u00fan desee y para cada web visitada configurando convenientemente el navegador web y\/o borrando las cookies.<\/p>\n<p>Si no desea recibir cookies, puede modificar la configuraci\u00f3n de su navegador para que le avise cuando se env\u00eda una cookie o para que directamente las rechace. Tambi\u00e9n puede borrar las cookies que ya haya recibido.<\/p>\n<p>Si desea restringir o bloquear la cookies que se almacenan en su dispositivo, puede hacerlo a trav\u00e9s de la configuraci\u00f3n de su navegador; la funci\u00f3n \u201cAyuda\u201d incluida en su navegador le dir\u00e1 como hacerlo. Como alternativa puede visitar www.aboutcookies.org, que contiene informaci\u00f3n precisa sobre c\u00f3mo hacer esto en una amplia variedad de navegadores.<\/p>\n<h4><strong><span style=\"color: #339966;\">\u00bfQu\u00e9 cookies que utilizamos en este sitio web?<\/span><\/strong><\/h4>\n<p>En ocasiones, para complementar la informaci\u00f3n que mostramos en nuestro sitio web, mostramos fotos y\/o videos incrustados de sitios como YouTube y otros. Las p\u00e1ginas con contenidos incrustados pueden presentar cookies de estos sitios externos.<\/p>\n<p>Del mismo modo, ofrecemos la posibilidad de compartir nuestros contenidos a trav\u00e9s de distintas redes sociales como Facebook o Twitter. No controlamos la propagaci\u00f3n de estas cookies. Por favor, visite el sitio web del responsable de esas cookie para obtener m\u00e1s informaci\u00f3n sobre las mismas.<\/p>\n<p>&nbsp;<\/p>\n<table width=\"897\">\n<tbody>\n<tr>\n<td><strong>Cookie<\/strong><\/td>\n<td><strong>Dominio<\/strong><\/td>\n<td><strong>Sistema<\/strong><\/td>\n<td><strong>Prop\u00f3sito<\/strong><\/td>\n<td><strong>M\u00e1s info<\/strong><\/td>\n<\/tr>\n<tr>\n<td>__utma, __utmb, __utmc, __utmz<\/td>\n<td>www.psicologo-especialista-barcelona.com\/blog<\/td>\n<td>Google Analytics<\/td>\n<td>Google Analytics usa cookies para recoger datos que se analizan para mejorar la experiencia del usuario en nuestro sitio web. Las cookies proveen de informaci\u00f3n importante como el n\u00famero de visitantes y el tiempo que pasan en las p\u00e1ginas. La informaci\u00f3n recogida en estas cookies no identifican al usuario.<\/td>\n<td><a href=\"http:\/\/www.google.com\/intl\/es\/policies\/privacy\/\">Google<\/a><\/td>\n<\/tr>\n<tr>\n<td>__utma, __utmz<\/td>\n<td>.twitter.com<\/td>\n<td>Twitter<\/td>\n<td>Mostrar los tweets m\u00e1s recientes<\/td>\n<td><a href=\"http:\/\/www.google.com\/policies\/privacy\/key-terms\/#toc-terms-cookie\">\u00a0<\/a><a href=\"https:\/\/twitter.com\/privacy\/\">Twitter<\/a><\/td>\n<\/tr>\n<tr>\n<td>guest_id<\/td>\n<td>twitter.com<\/td>\n<td>Twitter<\/td>\n<td>Se utiliza para guardar las preferencias de idioma del usuario<\/td>\n<td>\u00a0<a href=\"https:\/\/twitter.com\/privacy\/\">Twitter<\/a><\/td>\n<\/tr>\n<tr>\n<td>wordpress_test_cookie<\/td>\n<td>www.psicologo-especialista-barcelona.com\/blog<\/td>\n<td>WordPress<\/td>\n<td>Se usa para que el gestor de contenidos WordPress compruebe si el navegador tiene las cookies activadas.<\/td>\n<td><\/td>\n<\/tr>\n<tr>\n<td>cookie_legal_www.formulaclick.com<\/td>\n<td>www.psicologo-especialista-barcelona.com\/blog<\/td>\n<td>WordPress<\/td>\n<td>Se utiliza para comprobar si el usuario ha visualizado el aviso de la pol\u00edtica de cookies<\/td>\n<td><\/td>\n<\/tr>\n<tr>\n<td>wp-settings-{time}-[UID]<\/td>\n<td>www.psicologo-especialista-barcelona.com\/blog<\/td>\n<td>WordPress<\/td>\n<td>El UID situado al final del nombre de la cookie contiene el ID de usuario almacenado en la base de datos de WordPress. Se usa para almacenar el aspecto de la interfaz de administraci\u00f3n y puede ser usada para almacenar el aspecto del sitio principal.<\/td>\n<td><\/td>\n<\/tr>\n<tr>\n<td>wordpress_logged_in_[hash]<\/td>\n<td>www.psicologo-especialista-barcelona.com\/blog<\/td>\n<td>WordPress<\/td>\n<td>Despu\u00e9s del login, WordPress activa la cookie wordpress_logged_in_[hash], que indica cuando te has conectado y qui\u00e9n eres, siendo usado para la interfaz de WordPress.<\/td>\n<td><\/td>\n<\/tr>\n<tr>\n<td>wordpress_[hash]<\/td>\n<td>www.psicologo-especialista-barcelona.com\/blog<\/td>\n<td>WordPress<\/td>\n<td>Esta cookie se activa durante el login y guarda los detalles de autentificaci\u00f3n. Su uso est\u00e1 limitado al \u00e1rea de administraci\u00f3n, \/wp-admin\/<\/td>\n<td><\/td>\n<\/tr>\n<tr>\n<td>comment_author_[hash]<\/td>\n<td>www.psicologo-especialista-barcelona.com\/blog<\/td>\n<td>WordPress<\/td>\n<td>Almacena el nombre del autor del comentario<\/td>\n<td><\/td>\n<\/tr>\n<tr>\n<td>comment_author_email_[hash]<\/td>\n<td>www.psicologo-especialista-barcelona.com\/blog<\/td>\n<td>WordPress<\/td>\n<td>Almacena el email del autor del comentario<\/td>\n<td><\/td>\n<\/tr>\n<\/tbody>\n<\/table>\n<h4><span style=\"color: #339966;\"><strong>Aceptaci\u00f3n de cookies<\/strong><\/span><\/h4>\n<p>El Usuario acepta expresamente, por la utilizaci\u00f3n de este Site, el tratamiento de la informaci\u00f3n recabada en la forma y con los fines anteriormente mencionados. Y asimismo reconoce conocer la posibilidad de rechazar el tratamiento de tales datos o informaci\u00f3n rechazando el uso de Cookies mediante la selecci\u00f3n de la configuraci\u00f3n apropiada a tal fin en su navegador. Si bien esta opci\u00f3n de bloqueo de Cookies en su navegador puede no permitirle el uso pleno de todas las funcionalidades del Website.<\/p>\n<p>Puede usted permitir, bloquear o eliminar las cookies instaladas en su equipo mediante la configuraci\u00f3n de las opciones del navegador instalado en su ordenador:<\/p>\n<ul>\n<li><a href=\"http:\/\/support.google.com\/chrome\/bin\/answer.py?hl=es&amp;answer=95647\">Chrome<\/a><\/li>\n<li><a href=\"http:\/\/windows.microsoft.com\/es-es\/windows7\/how-to-manage-cookies-in-internet-explorer-9\">Explorer<\/a><\/li>\n<li><a href=\"http:\/\/support.mozilla.org\/es\/kb\/habilitar-y-deshabilitar-cookies-que-los-sitios-we\">Firefox<\/a><\/li>\n<li><a href=\"http:\/\/support.apple.com\/kb\/ph5042\">Safari<\/a><\/li>\n<\/ul>\n<p>Si tiene dudas sobre esta pol\u00edtica de cookies, puede contactar con\u00a0<a href=\"http:\/\/psicologo-especialista-barcelona.com\/contacto_psicologo_barcelona.html\">Psic\u00f3logo especialista Barcelona<\/a> o en <a href=\"http:\/\/www.agpd.es\">www.agpd.es<\/a><\/p>\n","protected":false},"excerpt":{"rendered":"<p>Pol\u00edtica de cookies Esta web utiliza cookies propias y de terceros para mejorar la experiencia de navegaci\u00f3n por nuestro sitio web. Si contin\u00faa navegando sin cambiar sus preferencias sobre cookies, asumiremos que acepta recibir todas las cookies de nuestro sitio web. No obstante puede cambiar sus preferencias sobre cookies en cualquier momento en la configuraci\u00f3n &hellip; <\/p>\n<p><a class=\"more-link btn\" href=\"https:\/\/psicologo-especialista-barcelona.com\/blog\/politica-de-cookies-2\/\">Seguir leyendo<\/a><\/p>\n","protected":false},"author":1,"featured_media":0,"parent":0,"menu_order":0,"comment_status":"closed","ping_status":"closed","template":"","meta":[],"aioseo_notices":[],"_links":{"self":[{"href":"https:\/\/psicologo-especialista-barcelona.com\/blog\/wp-json\/wp\/v2\/pages\/1851"}],"collection":[{"href":"https:\/\/psicologo-especialista-barcelona.com\/blog\/wp-json\/wp\/v2\/pages"}],"about":[{"href":"https:\/\/psicologo-especialista-barcelona.com\/blog\/wp-json\/wp\/v2\/types\/page"}],"author":[{"embeddable":true,"href":"https:\/\/psicologo-especialista-barcelona.com\/blog\/wp-json\/wp\/v2\/users\/1"}],"replies":[{"embeddable":true,"href":"https:\/\/psicologo-especialista-barcelona.com\/blog\/wp-json\/wp\/v2\/comments?post=1851"}],"version-history":[{"count":1,"href":"https:\/\/psicologo-especialista-barcelona.com\/blog\/wp-json\/wp\/v2\/pages\/1851\/revisions"}],"predecessor-version":[{"id":1852,"href":"https:\/\/psicologo-especialista-barcelona.com\/blog\/wp-json\/wp\/v2\/pages\/1851\/revisions\/1852"}],"wp:attachment":[{"href":"https:\/\/psicologo-especialista-barcelona.com\/blog\/wp-json\/wp\/v2\/media?parent=1851"}],"curies":[{"name":"wp","href":"https:\/\/api.w.org\/{rel}","templated":true}]}}