{"id":1322,"date":"2014-01-08T17:52:38","date_gmt":"2014-01-08T16:52:38","guid":{"rendered":"https:\/\/psicologo-especialista-barcelona.com\/blog\/?page_id=1322"},"modified":"2024-01-03T11:29:13","modified_gmt":"2024-01-03T10:29:13","slug":"ataques-de-ira-autocontrol","status":"publish","type":"page","link":"https:\/\/psicologo-especialista-barcelona.com\/blog\/apoyo-psicologico\/ataques-de-ira-autocontrol\/","title":{"rendered":"Ataques de ira y falta de autocontrol"},"content":{"rendered":"<p><span style=\"color: #ff9900;\">PREGUNTA<\/span><\/p>\n<h2 style=\"text-align: justify;\">Ataques de ira y falta de autocontrol<strong><br \/>\n<\/strong><\/h2>\n<p style=\"text-align: justify;\">Tengo un serio problema de autocontrol, con lo a\u00f1os y las circunstancias del d\u00eda a d\u00eda, no puedo controlar ni mi ira, ni mis estados emocionales, pegando incluso a mi pareja en muchas ocasiones. Todo lo pago con \u00e9l. Quiz\u00e1s porque muchas de las cosas que me pasan, \u00e9l me las ha dicho en numerosas ocasiones.<\/p>\n<p style=\"text-align: justify;\">He intentado ir a varias terapias, incluso en una estuve un a\u00f1o, pero ninguno de los especialistas que me trat\u00f3 me transmitieron que tuviera un problema de trastorno de personalidad o como sea lo que me pase. Les agradezco lo que me puedan decir, aunque creo que necesitar\u00eda mucha m\u00e1s literatura para expresar mi mal estar. Un saludo.<\/p>\n<p><img loading=\"lazy\" class=\"size-medium wp-image-1970 aligncenter\" src=\"https:\/\/psicologo-especialista-barcelona.com\/blog\/wp-content\/uploads\/2024\/01\/dizzy-7642461_1280-300x200.jpg\" alt=\"\" width=\"300\" height=\"200\" srcset=\"https:\/\/psicologo-especialista-barcelona.com\/blog\/wp-content\/uploads\/2024\/01\/dizzy-7642461_1280-300x200.jpg 300w, https:\/\/psicologo-especialista-barcelona.com\/blog\/wp-content\/uploads\/2024\/01\/dizzy-7642461_1280-1024x682.jpg 1024w, https:\/\/psicologo-especialista-barcelona.com\/blog\/wp-content\/uploads\/2024\/01\/dizzy-7642461_1280-768x512.jpg 768w, https:\/\/psicologo-especialista-barcelona.com\/blog\/wp-content\/uploads\/2024\/01\/dizzy-7642461_1280-896x597.jpg 896w, https:\/\/psicologo-especialista-barcelona.com\/blog\/wp-content\/uploads\/2024\/01\/dizzy-7642461_1280.jpg 1280w\" sizes=\"(max-width: 300px) 100vw, 300px\" \/><\/p>\n<p style=\"text-align: justify;\"><span style=\"color: #00d600;\">RESPUESTA<\/span><\/p>\n<p style=\"text-align: justify;\">Lo cierto es que \u00e9sta es una pregunta muy abierta sobre la ira y el autocontrol, y no sabemos si hay un problema de trastorno de personalidad de fondo por lo que miraremos de entender un poco, c\u00f3mo se genera la ira y c\u00f3mo controlar la ira.<\/p>\n<h3 style=\"text-align: justify;\">C\u00f3mo se genera la ira<\/h3>\n<p style=\"text-align: justify;\">La ira es un proceso de dos pasos, habitualmente <strong>comienza con el estr\u00e9s y la experiencia subjetiva de excitaci\u00f3n<\/strong> que genera el estr\u00e9s de cualquier clase. Si nos fijamos, antes de cualquier respuesta airada, nos hemos notado tensos o incluso ansiosos. <strong>El primer paso de creaci\u00f3n de la ira<\/strong> culmina en el momento que dentro de nuestro proceso de estr\u00e9s decidimos salir adelante y acabar con la tensi\u00f3n. Por ello vemos que el estr\u00e9s no es causa suficiente para la ira ya que para salir adelante y descargar nuestro estr\u00e9s podemos, llorar, relajarnos, hacer ejercicio, escuchar m\u00fasica, mirar de solucionar nuestros problemas&#8230; o por el otro lado bloquearnos y descargar el dolor mediante la ira.<\/p>\n<p style=\"text-align: justify;\">En el<strong> segundo paso en la producci\u00f3n de la ira<\/strong> no nos basta con tener todo ese estr\u00e9s y tensi\u00f3n que necesitamos sacar, para ello necesitamos un disparador, por lo que nos centramos en los procesos mentales activadores que convierten el estr\u00e9s en un afecto hostil. Son los pensamientos\u00a0 <em>culpabilizadores<\/em> o los <em>deber\u00edas.<\/em><\/p>\n<p style=\"text-align: justify;\"><em>Pensamientos culpabilizadores:<\/em> En este tipo de pensamientos activadores la persona se siente o se ha sentido da\u00f1ada por otra persona a la que considera culpable o responsable del da\u00f1o recibido. Son pensamientos del tipo \u00abt\u00fa me has hecho___\u00bb o \u00abpor tu culpa me ha pasado____\u00bb<\/p>\n<p style=\"text-align: justify;\"><em>Pensamientos de deber\u00edas:<\/em> Estos pensamientos activadores vienen marcados por una serie de creencias por parte de la persona sobre c\u00f3mo se debe comportar la gente seg\u00fan una serie de valores r\u00edgidos e inflexibles. La implicaci\u00f3n es que la persona sabe o <em>deber\u00eda saber<\/em> c\u00f3mo actuar\u00a0 correctamente, y no lo ha hecho de esta manera. Son pensamientos del tipo \u00abNo deber\u00edas haber actuado de esta manera\u00bb \u00abdeber\u00edas saber que____\u00bb \u00abtendr\u00edas que haber hecho___\u00bb<\/p>\n<h4 style=\"text-align: justify;\">Los ciclos de la ira:<\/h4>\n<p style=\"text-align: justify;\">El ciclo de la ira puede comenzar de dos modos que se retroalimentan entre s\u00ed:<\/p>\n<ol style=\"text-align: justify;\">\n<li>Desde la excitaci\u00f3n y el estr\u00e9s voy a los pensamientos activadores<\/li>\n<li>Mis pensamientos activadores me estresan y sobre activan<\/li>\n<\/ol>\n<p style=\"text-align: justify;\">El ciclo excitaci\u00f3n y estr\u00e9s seguido de mis pensamientos activadores suele ser el m\u00e1s frecuente y con el que muchas veces podemos decir que una tercera persona \u00abacaba pagando los platos rotos\u00bb ya que es el objetivo de nuestra ira cuando en realidad ha sido otra persona o situaci\u00f3n la responsable directa de mi estr\u00e9s y tensi\u00f3n.\u00a0 Pero de todas formas tambi\u00e9n es posible que el precursor sean mis pensamientos activadores, tanto de culpa como los deber\u00eda, que me empiezan a tensionar y esta tensi\u00f3n todav\u00eda les da m\u00e1s fuerza a mis pensamientos por lo que se genera el efecto de auto calentarse y tensarse hasta que se acaba explotando en una reacci\u00f3n de ira.<\/p>\n<p style=\"text-align: center;\">\n<p><img loading=\"lazy\" class=\"size-medium wp-image-1969 aligncenter\" src=\"https:\/\/psicologo-especialista-barcelona.com\/blog\/wp-content\/uploads\/2024\/01\/fist-1148029_1280-300x200.jpg\" alt=\"\" width=\"300\" height=\"200\" srcset=\"https:\/\/psicologo-especialista-barcelona.com\/blog\/wp-content\/uploads\/2024\/01\/fist-1148029_1280-300x200.jpg 300w, https:\/\/psicologo-especialista-barcelona.com\/blog\/wp-content\/uploads\/2024\/01\/fist-1148029_1280-1024x682.jpg 1024w, https:\/\/psicologo-especialista-barcelona.com\/blog\/wp-content\/uploads\/2024\/01\/fist-1148029_1280-768x512.jpg 768w, https:\/\/psicologo-especialista-barcelona.com\/blog\/wp-content\/uploads\/2024\/01\/fist-1148029_1280-896x597.jpg 896w, https:\/\/psicologo-especialista-barcelona.com\/blog\/wp-content\/uploads\/2024\/01\/fist-1148029_1280.jpg 1280w\" sizes=\"(max-width: 300px) 100vw, 300px\" \/><\/p>\n<h3 style=\"text-align: justify;\">C\u00f3mo controlar la ira<\/h3>\n<p style=\"text-align: justify;\">Para aprender a controlar la ira no hemos de fijar en su proceso de creaci\u00f3n. Hemos visto que existen dos elementos claves, por un lado el estr\u00e9s o tensi\u00f3n y por el otro esos pensamientos activadores de car\u00e1cter r\u00edgido culpabilizadores y de deber\u00edas.\u00a0 Por lo tanto si podemos controlar cualquiera de estos dos catalizadores nuestro nivel de ira descender\u00e1 considerablemente.<\/p>\n<p style=\"text-align: justify;\">Veamos diferentes formas de descargar altos niveles de tensi\u00f3n, algunos de estos recursos son m\u00e1s sanos que otros, pero cualquiera de ellos puede ser utilizado en lugar de la ira:<\/p>\n<ul>\n<li>Llorar<\/li>\n<li>Hacer ejercicio<\/li>\n<li>Escribir<\/li>\n<li>Ejercicios de relajaci\u00f3n<\/li>\n<li>Mantener relaciones sexuales<\/li>\n<li>Actividades de ocio<\/li>\n<li>Actividades solucionadoras de problemas<\/li>\n<li>Utilizar el humor<\/li>\n<li>Verbalizar nuestro dolor<\/li>\n<li>Rodearnos de nuestras amistades<\/li>\n<li>Descansar<\/li>\n<\/ul>\n<p style=\"text-align: justify;\">Otra forma de aprender a controlar la ira es a nivel de los pensamientos activadores, para lo que es recomendable buscar ayuda profesional.\u00a0 El manejo de los pensamientos es realmente complicado, especialmente los m\u00e1s r\u00edgidos ya que tienen un origen fundamentado en los valores y creencias de la persona que se han ido reforzando a lo largo de los a\u00f1os. Por ese mismo motivo tantas veces estamos pensando algo que nos gustar\u00eda \u00absacarnos de la cabeza\u00bb pero por nosotros mismos no somos capaces. Este tipo de pensamiento m\u00e1s r\u00edgido con un cierto car\u00e1cter obsesivo se debe trabajar con ayuda profesional.\u00a0De la misma manera un psic\u00f3logo especialista le podr\u00e1 ayudar a mejorar sus recursos para el manejo de la tensi\u00f3n y el estr\u00e9s.<\/p>\n<p style=\"text-align: center;\">Si quieres participar en el blog y preguntarnos algo, haz click aqu\u00ed.<\/p>\n<p><a href=\"https:\/\/psicologo-especialista-barcelona.com\/blog\/preguntas-y-respuestas\/\"><img loading=\"lazy\" class=\"aligncenter size-full wp-image-697\" title=\"El psic\u00f3logo contestar\u00e1 tus preguntas\" src=\"https:\/\/psicologo-especialista-barcelona.com\/blog\/wp-content\/uploads\/2012\/12\/manda-tu-consulta.png\" alt=\"manda-tu-consulta\" width=\"200\" height=\"107\" \/><\/a><\/p>\n<p>Rub\u00e9n Blasco, Psic\u00f3logo Colegiado N\u00ba 14830.<\/p>\n<p>M\u00e1s informaci\u00f3n en<a href=\"http:\/\/psicologo-especialista-barcelona.com\" target=\"_blank\" rel=\"noopener\"> psicologo-especialista-barcelona.com<\/a><\/p>\n","protected":false},"excerpt":{"rendered":"<p>PREGUNTA Ataques de ira y falta de autocontrol Tengo un serio problema de autocontrol, con lo a\u00f1os y las circunstancias del d\u00eda a d\u00eda, no puedo controlar ni mi ira, ni mis estados emocionales, pegando incluso a mi pareja en muchas ocasiones. Todo lo pago con \u00e9l. Quiz\u00e1s porque muchas de las cosas que me &hellip; <\/p>\n<p><a class=\"more-link btn\" href=\"https:\/\/psicologo-especialista-barcelona.com\/blog\/apoyo-psicologico\/ataques-de-ira-autocontrol\/\">Seguir leyendo<\/a><\/p>\n","protected":false},"author":1,"featured_media":0,"parent":630,"menu_order":0,"comment_status":"open","ping_status":"open","template":"","meta":[],"aioseo_notices":[],"_links":{"self":[{"href":"https:\/\/psicologo-especialista-barcelona.com\/blog\/wp-json\/wp\/v2\/pages\/1322"}],"collection":[{"href":"https:\/\/psicologo-especialista-barcelona.com\/blog\/wp-json\/wp\/v2\/pages"}],"about":[{"href":"https:\/\/psicologo-especialista-barcelona.com\/blog\/wp-json\/wp\/v2\/types\/page"}],"author":[{"embeddable":true,"href":"https:\/\/psicologo-especialista-barcelona.com\/blog\/wp-json\/wp\/v2\/users\/1"}],"replies":[{"embeddable":true,"href":"https:\/\/psicologo-especialista-barcelona.com\/blog\/wp-json\/wp\/v2\/comments?post=1322"}],"version-history":[{"count":20,"href":"https:\/\/psicologo-especialista-barcelona.com\/blog\/wp-json\/wp\/v2\/pages\/1322\/revisions"}],"predecessor-version":[{"id":1972,"href":"https:\/\/psicologo-especialista-barcelona.com\/blog\/wp-json\/wp\/v2\/pages\/1322\/revisions\/1972"}],"up":[{"embeddable":true,"href":"https:\/\/psicologo-especialista-barcelona.com\/blog\/wp-json\/wp\/v2\/pages\/630"}],"wp:attachment":[{"href":"https:\/\/psicologo-especialista-barcelona.com\/blog\/wp-json\/wp\/v2\/media?parent=1322"}],"curies":[{"name":"wp","href":"https:\/\/api.w.org\/{rel}","templated":true}]}}