{"id":1253,"date":"2013-11-29T16:34:48","date_gmt":"2013-11-29T15:34:48","guid":{"rendered":"https:\/\/psicologo-especialista-barcelona.com\/blog\/?page_id=1253"},"modified":"2014-09-02T17:54:55","modified_gmt":"2014-09-02T16:54:55","slug":"trastorno-de-ansiedad-generalizada-tag","status":"publish","type":"page","link":"https:\/\/psicologo-especialista-barcelona.com\/blog\/apoyo-psicologico\/trastorno-de-ansiedad-generalizada-tag\/","title":{"rendered":"Trastorno de ansiedad generalizada TAG"},"content":{"rendered":"<p><span style=\"color: #ff9900;\">PREGUNTA<\/span><\/p>\n<p style=\"text-align: justify;\"><strong>Me han diagnosticado trastorno de ansiedad generalizada TAG y no puedo m\u00e1s<br \/>\n<\/strong><\/p>\n<p style=\"text-align: justify;\">Hace unos a\u00f1os un psiquiatra me diagnostic\u00f3 TAG, sin embargo \u00faltimamente mis ataques de ansiedad est\u00e1n siendo cada vez m\u00e1s frecuentes y graves. Cuando me dan ataques de ansiedad suelo auto agredirme (golpearme, ara\u00f1arme, arrancarme el cabello e incluso una vez llegue a tratar de respirar mi propio CO2) y d\u00e9jeme aclarar que todo esto lo hac\u00eda de forma inconsciente. Hasta no hace nada controlaba estos ataques haciendo manualidades y otras manifestaciones de arte, actualmente hago deporte y arte en general. La relaci\u00f3n con mis padres es como la de una t\u00edpica adolescente, cuando le habl\u00e9 a mi madre sobre esto se preocup\u00f3 y pens\u00f3 que era una manera de llamar la atenci\u00f3n.<\/p>\n<p style=\"text-align: justify;\">En mi rutina diaria est\u00e1 el acudir a Bachillerato en secundaria puesto que tengo 15 a\u00f1os,\u00a0 y por las tardes realizar deporte en el gimnasio con mi madre, al llegar a casa me gusta ponerme a dibujar. Me cuesta mucho dormirme por las noches, acabo durmiendo una media de 5 horas al d\u00eda.<\/p>\n<p style=\"text-align: justify;\">Mi nivel de estr\u00e9s en el d\u00eda a d\u00eda es alto, entre el colegio y estos episodios cada vez m\u00e1s frecuentes sumando los problemas t\u00edpicos de una adolescente, me tiene cada d\u00eda m\u00e1s agotada. Mentalmente, me cuesta recordar cosas y prestar un poco de atenci\u00f3n, me duele la cabeza constantemente y \u00faltimamente he llegado a comer pl\u00e1stico, tela, madera, papel.. Pensar todo esto hizo que me doliera la cabeza.<\/p>\n<p style=\"text-align: justify;\">Mi pregunta es la siguiente: que puede poseer una persona que presenta los siguientes s\u00edntomas: ansiedad extrema, auto agresi\u00f3n inconsciente, dificultad para dormir, dificultad para hablar, miedo, baja autoestima, irritabilidad, dolores de cabeza constantes. ? Y como puedo combatirlo?. Gracias<\/p>\n<p style=\"text-align: justify;\"><img loading=\"lazy\" class=\"aligncenter size-full wp-image-1278\" alt=\"Trastorno de ansiedad generalizada TAG\" src=\"https:\/\/psicologo-especialista-barcelona.com\/blog\/wp-content\/uploads\/2013\/11\/Trastorno-de-ansiedad-generalizada-TAG.jpg\" width=\"416\" height=\"316\" srcset=\"https:\/\/psicologo-especialista-barcelona.com\/blog\/wp-content\/uploads\/2013\/11\/Trastorno-de-ansiedad-generalizada-TAG.jpg 416w, https:\/\/psicologo-especialista-barcelona.com\/blog\/wp-content\/uploads\/2013\/11\/Trastorno-de-ansiedad-generalizada-TAG-300x227.jpg 300w\" sizes=\"(max-width: 416px) 100vw, 416px\" \/><\/p>\n<p><span style=\"color: #00d600;\">RESPUESTA<\/span><\/p>\n<p style=\"text-align: justify;\">Muchas gracias por tu pregunta. El TAG o trastorno de ansiedad generalizada se caracteriza por generar un estado de tensi\u00f3n y ansiedad constante a la persona. Cualquier situaci\u00f3n puede convertirse en una fuente de estr\u00e9s y preocupaci\u00f3n. Para la persona mantener este estado de tensi\u00f3n le supone un desgaste y un cansancio emocional dif\u00edcilmente manejable de forma que su vida diaria se acaba viendo afectada.<\/p>\n<p style=\"text-align: justify;\">Nos comentas que tambi\u00e9n te puedes auto agredir en los momentos de mayor ansiedad, aunque m\u00e1s de forma inconsciente que consciente, este es un s\u00edntoma interesante a tener en cuenta ya que las autolesiones no son muy frecuentes y est\u00e1n asociadas a un peor pron\u00f3stico, o una mala evoluci\u00f3n de la enfermedad. Tambi\u00e9n est\u00e1n muy asociadas a pensamientos de desesperanza y sentimientos de vac\u00edo.\u00a0 Uno de los trastornos de personalidad con mayor incidencia de auto lesiones y elevada ansiedad es el <a title=\"M\u00e1s informaci\u00f3n sobre el trastorno l\u00edmite de personalidad\" href=\"http:\/\/psicologo-especialista-barcelona.com\/trastorno_limite_de_la_personalidad.html\" target=\"_blank\">Trastorno l\u00edmite de personalidad<\/a> o TLP. En \u00e9l tambi\u00e9n nos encontramos con una marcada alternancia entre los entados de \u00e1nimo, tan pronto la persona se puede encontrar feliz y animada, como puede sentirse triste y abatida. Otro de los elementos muy frecuentes dentro del trastorno l\u00edmite de la personalidad son las explosiones de ira o enfados,\u00a0 las emociones se tienen a flor de piel.<\/p>\n<h3 style=\"text-align: justify;\">Recursos para manejar el trastorno de ansiedad generalizada TAG<\/h3>\n<p><strong>Ejercicio f\u00edsico:<\/strong> Tal como comentas que est\u00e1s haciendo, resulta uno de los mejores elementos para combatir la ansiedad, no solamente conseguiremos quemar el exceso de adrenalina y tensi\u00f3n que nos genera la ansiedad, sino que tambi\u00e9n generaremos endorfinas que nos ayudar\u00e1n a sentirnos mejor. El deporte tambi\u00e9n es un buen ejercicio para equilibrar las subidas o las bajadas de nuestro estado de \u00e1nimo. Por otro lado nos ayudar\u00e1 a conciliar mejor el sue\u00f1o, ya que habremos eliminado las tensiones del d\u00eda.<\/p>\n<p><strong>Higiene del sue\u00f1o:<\/strong> Es muy importante poder descansar adecuadamente, para ello es importante poder seguir las siguientes pautas de higiene del sue\u00f1o:<\/p>\n<ul>\n<li>Hemos de evitar el consumo de cafe\u00edna o estimulantes a partir de las 17:00h<\/li>\n<li>Establecer rutinas antes de ir a dormir nos ayudar\u00e1 a asociar la conducta de acostarnos, como lavarse los dientes, darse un ba\u00f1o caliente, ponerse el pijama, etc.<\/li>\n<li>Evitar que entre luz en el cuarto y controlar la temperatura para que sea adecuada, evitar ruidos&#8230;<\/li>\n<li>No realizar ninguna actividad en la cama que no sea dormir, como ver la tele, comer&#8230;<\/li>\n<li>Tener unos horarios fijos de acostarse y levantarse, el fin de semana no levantarnos mucho m\u00e1s tarde que entre semana.<\/li>\n<li>No dormir m\u00e1s de 9h ni menos de 7h<\/li>\n<li>No dormir durante el d\u00eda.<\/li>\n<\/ul>\n<p><strong>Actividades agradables:<\/strong> Tambi\u00e9n es muy importante que dispongamos de un rato al d\u00eda m\u00ednimo 45 minutos para distraernos con nuestras actividades favoritas, o hobby. Son muy interesantes las actividades que se han comentado como las manualidades, o artes pl\u00e1sticas dibujar, pintar&#8230; tambi\u00e9n podemos incluir juegos, deportes de equipo, ver series o pel\u00edculas, escuchar m\u00fasica, practicar con alg\u00fan instrumento&#8230; Cualquier actividad que nos produzca placer nos ayudar\u00e1 a distraer nuestra mente y por tanto bajar nuestros niveles de ansiedad.<\/p>\n<p><strong>Llevar una vida social activa:<\/strong> Es muy importante no aislarse en uno mismo y centrarse en su propio malestar, por ello debemos intentar salir, quedar con nuestras amistades y en la medida de lo posible compartir nuestras preocupaciones con los dem\u00e1s. No solamente nosotros tenemos preocupaciones, y en ocasiones escuchar las de los dem\u00e1s nos ayudar\u00e1n a relativizar las nuestras. Por otro lado tambi\u00e9n nos servir\u00e1 para distraer nuestra mente un rato y como una actividad agradable alternativa a nuestros hobbies personales.<\/p>\n<p><strong>Practicar actividades relajantes:<\/strong> Como clases de Yoga, Tai Chi, acudir a un Spa, o realizar ejercicios de relajaci\u00f3n y respiraci\u00f3n uno mismo en casa.<\/p>\n<p><strong>Aprender a aplazar las preocupaciones:<\/strong> Para ello es recomendable que puedas pedir ayuda de un profesional, especialmente cuando nos referimos a preocupaciones del tipo recurrentes u obsesivas, ya que son muy resistentes y no va a resultar sencillo el poderlas aplazar, ya que seguramente tengamos varios malos h\u00e1bitos a modificar o experiencias pasadas que nos impidan poderlo hacer.<\/p>\n<p>Esperamos que estos recursos os ayuden a manejar mejor vuestras preocupaciones, si ten\u00e9is cualquier duda o pregunta dejarnos vuestros comentarios.<\/p>\n<p>&nbsp;<\/p>\n<p style=\"text-align: center;\">Si quieres participar en el blog y preguntarnos algo, haz click aqu\u00ed.<\/p>\n<p><a href=\"https:\/\/psicologo-especialista-barcelona.com\/blog\/preguntas-y-respuestas\/\"><img loading=\"lazy\" class=\"aligncenter size-full wp-image-697\" title=\"El psic\u00f3logo contestar\u00e1 tus preguntas\" alt=\"manda-tu-consulta\" src=\"https:\/\/psicologo-especialista-barcelona.com\/blog\/wp-content\/uploads\/2012\/12\/manda-tu-consulta.png\" width=\"200\" height=\"107\" \/><\/a><\/p>\n<p>Rub\u00e9n Blasco, Psic\u00f3logo Colegiado N\u00ba 14830.<\/p>\n<p>M\u00e1s informaci\u00f3n en<a href=\"http:\/\/psicologo-especialista-barcelona.com\" target=\"_blank\"> psicologo-especialista-barcelona.com<\/a><\/p>\n","protected":false},"excerpt":{"rendered":"<p>PREGUNTA Me han diagnosticado trastorno de ansiedad generalizada TAG y no puedo m\u00e1s Hace unos a\u00f1os un psiquiatra me diagnostic\u00f3 TAG, sin embargo \u00faltimamente mis ataques de ansiedad est\u00e1n siendo cada vez m\u00e1s frecuentes y graves. Cuando me dan ataques de ansiedad suelo auto agredirme (golpearme, ara\u00f1arme, arrancarme el cabello e incluso una vez llegue &hellip; <\/p>\n<p><a class=\"more-link btn\" href=\"https:\/\/psicologo-especialista-barcelona.com\/blog\/apoyo-psicologico\/trastorno-de-ansiedad-generalizada-tag\/\">Seguir leyendo<\/a><\/p>\n","protected":false},"author":1,"featured_media":0,"parent":630,"menu_order":0,"comment_status":"open","ping_status":"open","template":"","meta":[],"aioseo_notices":[],"_links":{"self":[{"href":"https:\/\/psicologo-especialista-barcelona.com\/blog\/wp-json\/wp\/v2\/pages\/1253"}],"collection":[{"href":"https:\/\/psicologo-especialista-barcelona.com\/blog\/wp-json\/wp\/v2\/pages"}],"about":[{"href":"https:\/\/psicologo-especialista-barcelona.com\/blog\/wp-json\/wp\/v2\/types\/page"}],"author":[{"embeddable":true,"href":"https:\/\/psicologo-especialista-barcelona.com\/blog\/wp-json\/wp\/v2\/users\/1"}],"replies":[{"embeddable":true,"href":"https:\/\/psicologo-especialista-barcelona.com\/blog\/wp-json\/wp\/v2\/comments?post=1253"}],"version-history":[{"count":12,"href":"https:\/\/psicologo-especialista-barcelona.com\/blog\/wp-json\/wp\/v2\/pages\/1253\/revisions"}],"predecessor-version":[{"id":1547,"href":"https:\/\/psicologo-especialista-barcelona.com\/blog\/wp-json\/wp\/v2\/pages\/1253\/revisions\/1547"}],"up":[{"embeddable":true,"href":"https:\/\/psicologo-especialista-barcelona.com\/blog\/wp-json\/wp\/v2\/pages\/630"}],"wp:attachment":[{"href":"https:\/\/psicologo-especialista-barcelona.com\/blog\/wp-json\/wp\/v2\/media?parent=1253"}],"curies":[{"name":"wp","href":"https:\/\/api.w.org\/{rel}","templated":true}]}}