{"id":1196,"date":"2013-11-08T18:32:00","date_gmt":"2013-11-08T17:32:00","guid":{"rendered":"https:\/\/psicologo-especialista-barcelona.com\/blog\/?page_id=1196"},"modified":"2014-09-02T17:51:30","modified_gmt":"2014-09-02T16:51:30","slug":"mi-amiga-tiene-trastorno-limite-de-la-personalidad","status":"publish","type":"page","link":"https:\/\/psicologo-especialista-barcelona.com\/blog\/apoyo-psicologico\/mi-amiga-tiene-trastorno-limite-de-la-personalidad\/","title":{"rendered":"Mi amiga tiene Trastorno L\u00edmite de la Personalidad"},"content":{"rendered":"<p><span style=\"color: #ff9900;\">PREGUNTA<\/span><\/p>\n<p style=\"text-align: justify;\">Hola, tengo una amiga que est\u00e1 pasando por momentos muy complicados y necesito saber c\u00f3mo puedo ayudarle, le explico:<\/p>\n<p style=\"text-align: justify;\">Creo que ella padece de Trastorno L\u00edmite de la Personalidad, o as\u00ed le dijo la psiquiatra con la que ella consulta. Se lo diagnosticaron hace unos dos a\u00f1os y medio, ahora ella tiene 19 y sus crisis son bastante frecuentes. No s\u00e9 como ella va a reaccionar ante nada, en realidad es muy voluble, parece que nada es importante para ella en ocasiones, pero en otras se preocupa por lo m\u00e1s sencillo que pueda pasarte. Le he tomado mucho cari\u00f1o y necesito saber si hay algo que pueda hacer por ella, pues en los \u00faltimos d\u00edas esta presentado una conducta muy extra\u00f1a, ha atentado varias veces contra su vida, y cada vez con m\u00e9todos m\u00e1s agresivos. Lo \u00faltimo que hizo fue cortarse en el cuello, pero gracias a Dios que sus padres la descubrieron a tiempo. Realmente creo que ella puede terminar quit\u00e1ndose la vida y solo pensarlo me aterra.<\/p>\n<p style=\"text-align: justify;\">Desde que la conozco act\u00faa de forma impulsiva, puede ser muy fuerte otras veces extremadamente d\u00e9bil, sus relaciones con chicos no duran mucho, siempre pasa algo que la hace dejarlos, pero es muy f\u00e1cil para ella irse a la cama con cualquiera. por lo que muchos tipos se han aprovechado de eso. Me preocupo m\u00e1s porque su trastorno empez\u00f3 cuando unos ladrones que entraron a su casa la violaron despiadadamente. No s\u00e9 si ese hecho provoc\u00f3 todo lo que le pasa ahora, pero creo que influy\u00f3.<\/p>\n<p style=\"text-align: justify;\">En verdad necesito saber si puedo ayudarle de alg\u00fan modo o si hay alguna recomendaci\u00f3n que pueda darle. Tambi\u00e9n me interesar\u00eda saber si dicho trastorno se puede curar. Muchas gracias.<\/p>\n<p><img loading=\"lazy\" class=\"aligncenter size-medium wp-image-1199\" alt=\"Mi amiga tiene trastorno l\u00edmite\" src=\"https:\/\/psicologo-especialista-barcelona.com\/blog\/wp-content\/uploads\/2013\/11\/trastorno-l\u00edmite-300x200.jpg\" width=\"300\" height=\"200\" srcset=\"https:\/\/psicologo-especialista-barcelona.com\/blog\/wp-content\/uploads\/2013\/11\/trastorno-l\u00edmite-300x200.jpg 300w, https:\/\/psicologo-especialista-barcelona.com\/blog\/wp-content\/uploads\/2013\/11\/trastorno-l\u00edmite.jpg 847w\" sizes=\"(max-width: 300px) 100vw, 300px\" \/><\/p>\n<p><span style=\"color: #00d600;\">RESPUESTA<\/span><\/p>\n<p style=\"text-align: justify;\">Gracias por tu pregunta. Realmente expones una situaci\u00f3n muy complicada ya que el Trastorno L\u00edmite de la Personalidad, TLP es uno de los trastornos de personalidad m\u00e1s complejos y con un mayor \u00edndice de intentos de suicidio y suicidios consumados. El trastorno l\u00edmite se va atenuando con la edad y a partir de los 40 a\u00f1os sus s\u00edntomas suelen suavizarse, por lo que la edad temprana de tu amiga 19 a\u00f1os no es un buen indicador a corto plazo. Lamentablemente no es una enfermedad que se pueda curar. Es un trastorno de la personalidad y como tal nos acompa\u00f1ar\u00e1 el resto de la vida, aunque eso no significa que no podamos aprender a manejarlo y convivir con \u00e9l llevando una vida lo m\u00e1s normalizada posible.<\/p>\n<p>El trastorno l\u00edmite de la personalidad tiene muchos altibajos emocionales y debe ser atendido debidamente. Comentas que tu amiga fue diagnosticada hace dos a\u00f1os, pero ser\u00eda interesante saber si este psiquiatra le recet\u00f3 alg\u00fan tratamiento farmacol\u00f3gico y si en la actualidad se lo est\u00e1 tomando. Tambi\u00e9n es importante saber qu\u00e9 clase de f\u00e1rmacos estar\u00eda tomando ya que siendo una persona con intentos autol\u00edticos de hacerse da\u00f1o, no es conveniente que tenga a su alcance ciertos f\u00e1rmacos.<\/p>\n<p>Dejo un enlace directo a los <a title=\"M\u00e1s informaci\u00f3n sobre el trastorno l\u00edmite de la personalidad\" href=\"http:\/\/psicologo-especialista-barcelona.com\/trastorno_limite_de_la_personalidad.html\" target=\"_blank\">s\u00edntomas del trastorno l\u00edmite de la personalidad<\/a>, a nivel informativo general y as\u00ed nos centraremos en el caso concreto de tu amiga sin plantear de generalidades del trastorno.<\/p>\n<p><img loading=\"lazy\" class=\"aligncenter size-medium wp-image-1213\" alt=\"ayudar a alguien con trastorno l\u00edmite de la personalidad\" src=\"https:\/\/psicologo-especialista-barcelona.com\/blog\/wp-content\/uploads\/2013\/11\/Como-ayudar-a-alguien-con-trastorno-l\u00edmite-300x187.jpg\" width=\"300\" height=\"187\" srcset=\"https:\/\/psicologo-especialista-barcelona.com\/blog\/wp-content\/uploads\/2013\/11\/Como-ayudar-a-alguien-con-trastorno-l\u00edmite-300x187.jpg 300w, https:\/\/psicologo-especialista-barcelona.com\/blog\/wp-content\/uploads\/2013\/11\/Como-ayudar-a-alguien-con-trastorno-l\u00edmite-1024x640.jpg 1024w, https:\/\/psicologo-especialista-barcelona.com\/blog\/wp-content\/uploads\/2013\/11\/Como-ayudar-a-alguien-con-trastorno-l\u00edmite.jpg 1920w\" sizes=\"(max-width: 300px) 100vw, 300px\" \/><\/p>\n<h2>C\u00f3mo ayudar a una persona con trastorno l\u00edmite de la personalidad<\/h2>\n<p style=\"text-align: justify;\">Una de las caracter\u00edsticas principales del trastorno l\u00edmite de la personalidad es la alternancia entre estados an\u00edmicos, tan pronto me puedo encontrar muy bien como disgustarme enormemente, hecho que provoca que la persona acabe posicion\u00e1ndose entre todo o nada, y marche de un extremo al otro, gener\u00e1ndole mucha m\u00e1s inestabilidad. Es por ello que una de las cosas m\u00e1s importantes a la hora de ayudar a una persona con trastorno l\u00edmite de la personalidad es\u00a0 generar una estabilidad y una constancia, evitar el correcciones del tipo hoy le digo una cosa y ma\u00f1ana otra diferente ya que la persona lo vivir\u00e1 muy mal.<\/p>\n<p style=\"text-align: justify;\">Es necesario marcar unos l\u00edmites m\u00e1s all\u00e1 de los cuales no estamos dispuestos a ceder por muy enfadada o mal que se encuentre la persona. De lo contrario la estamos acompa\u00f1ando en ese ir y venir de un extremo al otro, y la persona debe comprender que no podemos alternar tanto nuestro estado. Y de ah\u00ed comenzar a fomentar las reacciones emocionales de forma proporcionada a los hechos que nos ocurren.\u00a0 En lugar de tener explosiones emocionales ante situaciones cotidianas.<\/p>\n<p style=\"text-align: justify;\">Cuanto m\u00e1s estructurada sea la vida de la persona, mejor planificada, con h\u00e1bitos regulares de sue\u00f1o, alimentaci\u00f3n, estudio, trabajo&#8230; m\u00e1s estabilidad emocional sentir\u00e1 la persona. Claro, el conseguir una estabilidad, constancia, y regularidad de h\u00e1bitos de vida a los 19 a\u00f1os como tiene tu amiga es muy complicado, pero a la par necesario para poderla ayudar. Cuanto m\u00e1s tranquila sea su vida m\u00e1s estable se encontrar\u00e1.<\/p>\n<p style=\"text-align: justify;\">Los v\u00ednculos afectivos son otra fuente de estabilidad muy necesaria para las personas con trastorno l\u00edmite, y es por ello que en ocasiones tienen relaciones promiscuas, ya que la persona necesita sentirse querida y arropada, por lo que una amistad fiel, estable y constante puede ser su mejor aliada para estabilizarse y recibir ese cari\u00f1o que tanto necesitan.<\/p>\n<p style=\"text-align: justify;\">El tratamiento psicol\u00f3gico, es muy importante para poder ayudar a las personas que padecen esta compleja enfermedad, debido a que hay muchos factores que se han de abordar de forma simult\u00e1nea y la persona normalmente se encuentra desbordada y no ve salida a su situaci\u00f3n, ni siente que la gente de su alrededor la pueda comprender o ayudar, por eso en muchas ocasiones la persona piensa en acabar con todo. No aguantan tanto sufrimiento y vac\u00edo. Es por ello que el tratamiento psicol\u00f3gico en estas situaciones se convierte en un elemento b\u00e1sico para que la persona pueda avanzar y ganar esa estabilidad tan importante en su vida.<\/p>\n<p style=\"text-align: justify;\">Espero que poco a poco tu amiga se vaya encontrando mejor y puedas ayudarla en todo lo posible, si tienes m\u00e1s dudas aqu\u00ed estamos.<\/p>\n<p style=\"text-align: center;\">Si quieres participar en el blog y preguntarnos algo, haz click aqu\u00ed.<\/p>\n<p><a href=\"https:\/\/psicologo-especialista-barcelona.com\/blog\/preguntas-y-respuestas\/\"><img loading=\"lazy\" class=\"aligncenter size-full wp-image-697\" title=\"El psic\u00f3logo contestar\u00e1 tus preguntas\" alt=\"manda-tu-consulta\" src=\"https:\/\/psicologo-especialista-barcelona.com\/blog\/wp-content\/uploads\/2012\/12\/manda-tu-consulta.png\" width=\"200\" height=\"107\" \/><\/a><br \/>\nRub\u00e9n Blasco, Psic\u00f3logo Colegiado N\u00ba 14830.<\/p>\n<p>M\u00e1s informaci\u00f3n en<a href=\"http:\/\/psicologo-especialista-barcelona.com\" target=\"_blank\"> psicologo-especialista-barcelona.com<\/a><\/p>\n","protected":false},"excerpt":{"rendered":"<p>PREGUNTA Hola, tengo una amiga que est\u00e1 pasando por momentos muy complicados y necesito saber c\u00f3mo puedo ayudarle, le explico: Creo que ella padece de Trastorno L\u00edmite de la Personalidad, o as\u00ed le dijo la psiquiatra con la que ella consulta. Se lo diagnosticaron hace unos dos a\u00f1os y medio, ahora ella tiene 19 y &hellip; <\/p>\n<p><a class=\"more-link btn\" href=\"https:\/\/psicologo-especialista-barcelona.com\/blog\/apoyo-psicologico\/mi-amiga-tiene-trastorno-limite-de-la-personalidad\/\">Seguir leyendo<\/a><\/p>\n","protected":false},"author":1,"featured_media":0,"parent":630,"menu_order":0,"comment_status":"open","ping_status":"open","template":"","meta":[],"aioseo_notices":[],"_links":{"self":[{"href":"https:\/\/psicologo-especialista-barcelona.com\/blog\/wp-json\/wp\/v2\/pages\/1196"}],"collection":[{"href":"https:\/\/psicologo-especialista-barcelona.com\/blog\/wp-json\/wp\/v2\/pages"}],"about":[{"href":"https:\/\/psicologo-especialista-barcelona.com\/blog\/wp-json\/wp\/v2\/types\/page"}],"author":[{"embeddable":true,"href":"https:\/\/psicologo-especialista-barcelona.com\/blog\/wp-json\/wp\/v2\/users\/1"}],"replies":[{"embeddable":true,"href":"https:\/\/psicologo-especialista-barcelona.com\/blog\/wp-json\/wp\/v2\/comments?post=1196"}],"version-history":[{"count":22,"href":"https:\/\/psicologo-especialista-barcelona.com\/blog\/wp-json\/wp\/v2\/pages\/1196\/revisions"}],"predecessor-version":[{"id":1541,"href":"https:\/\/psicologo-especialista-barcelona.com\/blog\/wp-json\/wp\/v2\/pages\/1196\/revisions\/1541"}],"up":[{"embeddable":true,"href":"https:\/\/psicologo-especialista-barcelona.com\/blog\/wp-json\/wp\/v2\/pages\/630"}],"wp:attachment":[{"href":"https:\/\/psicologo-especialista-barcelona.com\/blog\/wp-json\/wp\/v2\/media?parent=1196"}],"curies":[{"name":"wp","href":"https:\/\/api.w.org\/{rel}","templated":true}]}}