{"id":1174,"date":"2013-11-04T18:25:19","date_gmt":"2013-11-04T17:25:19","guid":{"rendered":"https:\/\/psicologo-especialista-barcelona.com\/blog\/?page_id=1174"},"modified":"2014-09-02T17:53:15","modified_gmt":"2014-09-02T16:53:15","slug":"que-le-pasa-a-mi-marido","status":"publish","type":"page","link":"https:\/\/psicologo-especialista-barcelona.com\/blog\/apoyo-psicologico\/que-le-pasa-a-mi-marido\/","title":{"rendered":"Qu\u00e9 le pasa a mi marido"},"content":{"rendered":"<p><span style=\"color: #ff9900;\">PREGUNTA<\/span><\/p>\n<p style=\"text-align: justify;\"><strong>Necesito apoyo<br \/>\n<\/strong><\/p>\n<p style=\"text-align: justify;\">Buenas tardes, llevo mucho tiempo pensando con quien podr\u00eda hablar sobre el tema, inform\u00e1ndome en internet encontr\u00e9 su p\u00e1gina, primero admiraci\u00f3n por el tiempo que dedica en ayudar a los dem\u00e1s.<\/p>\n<p style=\"text-align: justify;\">Me encuentro en una situaci\u00f3n muy delicada y no s\u00e9 qu\u00e9 hacer, me siento agotada y triste y yo me considero una persona amable con sentido de humor y mucha paciencia. Llevo casada 17 a\u00f1os he pasado por maltrato psicol\u00f3gico y f\u00edsico he aprendido sobrevivir y manejar el comportamiento agresivo de mi pareja intentando no provocarlo. Mi marido empeora y no s\u00e9 por qu\u00e9,\u00a0 ser\u00e1 alguna enfermedad? Es inteligente, se cree el m\u00e1s listo del mundo, arrogante, agresivo, lo han despedido del trabajo y ya no tiene amigos. \u00c9l cree que todo el mundo est\u00e1 enga\u00f1\u00e1ndole, y conspirando en su contra, ya no sale de casa, tiene falta de higiene, pueden pasar meses sin ducharse, habla solo con el perro, lo abraza, besa.<\/p>\n<p style=\"text-align: justify;\">Tenemos una ni\u00f1a, \u00e9l no tiene ning\u00fan inter\u00e9s si est\u00e1 bien c\u00f3mo le va el cole etc.. solo la insulta. Nos movemos en casa con precauci\u00f3n por no hacer ruido porque se asusta. Un d\u00eda hace dos semanas estaba al lado m\u00edo mir\u00e1ndome como si estuviera hablando cosas sin sentido. Nunca ha abusado de drogas. \u00bfQu\u00e9 le pasa?<\/p>\n<p style=\"text-align: justify;\"><img loading=\"lazy\" class=\"aligncenter size-medium wp-image-1176\" alt=\"Qu\u00e9  le pasa a mi marido\" src=\"https:\/\/psicologo-especialista-barcelona.com\/blog\/wp-content\/uploads\/2013\/11\/familia-300x168.jpg\" width=\"300\" height=\"168\" srcset=\"https:\/\/psicologo-especialista-barcelona.com\/blog\/wp-content\/uploads\/2013\/11\/familia-300x168.jpg 300w, https:\/\/psicologo-especialista-barcelona.com\/blog\/wp-content\/uploads\/2013\/11\/familia.jpg 644w\" sizes=\"(max-width: 300px) 100vw, 300px\" \/><\/p>\n<p><span style=\"color: #00d600;\">RESPUESTA<\/span><\/p>\n<p style=\"text-align: justify;\">Muchas gracias por tu pregunta. Realmente planteas una situaci\u00f3n complicada ya que intervienen muchos factores. Por un lado ser\u00eda necesario saber desde cu\u00e1ndo tu marido se encuentra en ese estado en el que desconf\u00eda de todo el mundo, considera que lo pueden estar vigilando o que conspiran a sus espaldas, la falta de higiene tambi\u00e9n puede ser un indicativo claro de patolog\u00eda&#8230;. Pero por otro lado el tema del maltrato f\u00edsico y psicol\u00f3gico&#8230; estamos hablando de dos cosas bien diferenciadas.<\/p>\n<p style=\"text-align: justify;\">La violencia s\u00ed que es una caracter\u00edstica del perfil del maltratador que se puede ver muy agudizada en casos de estr\u00e9s y presi\u00f3n, por lo que la persona bajo esas situaciones se puede volver mucho m\u00e1s agresiva y violenta agravando mucho m\u00e1s su conducta.\u00a0 Aunque con la informaci\u00f3n que disponemos poco podremos aclarar sobre si tu marido es una persona con un perfil maltratador que est\u00e1 pasando por una \u00e9poca especialmente estresante y complicada o por el contrario es una persona un tanto irascible que efectivamente podr\u00edamos diagnosticarle alguna patolog\u00eda asociada al estr\u00e9s por la p\u00e9rdida de trabajo y evaluar en profundidad esas ideas de conspiraci\u00f3n y su aislamiento social que podr\u00edan deberse a una patolog\u00eda mayor.<\/p>\n<h3 style=\"text-align: justify;\">\u00bfQu\u00e9 hacer en estos casos?<\/h3>\n<p style=\"text-align: justify;\">Lo primero de todo ser\u00eda que pudieras hablar con tu marido y exponerle tus preocupaciones acerca de su estado, que \u00e9l te explicara c\u00f3mo se encuentra y c\u00f3mo se siente, y\u00a0 por tu parte hacerle llegar c\u00f3mo esta situaci\u00f3n os est\u00e1 afectando, y a partir de ese punto el poder valorar las opciones posibles de ayuda, desde consultar con un psic\u00f3logo especialista, acudir al m\u00e9dico, psiquiatra&#8230; lo importante en estos casos es tener la valoraci\u00f3n de una persona externa experta en la materia que le pueda evaluar y diagnosticar.<\/p>\n<p style=\"text-align: justify;\">En el caso que tu marido se niegue a consultar con un especialista o que se altere mucho ante la propuesta de hablar del tema, ten en cuenta que no tienes que soportar ning\u00fan maltrato ni t\u00fa, ni vuestra hija. En caso de violencia f\u00edsica no lo dudes ni un instante, llama al <a title=\"Telefono de atenci\u00f3n ante la violencia de g\u00e9nero\" href=\"http:\/\/www.msssi.gob.es\/ssi\/violenciaGenero\/Recursos\/telefono016\/home.htm\" target=\"_blank\">016<\/a> y pide ayuda.<\/p>\n<p style=\"text-align: center;\">Si quieres participar en el blog y preguntarnos algo, haz click aqu\u00ed.<\/p>\n<p><a href=\"https:\/\/psicologo-especialista-barcelona.com\/blog\/preguntas-y-respuestas\/\"><img loading=\"lazy\" class=\"aligncenter size-full wp-image-697\" title=\"El psic\u00f3logo contestar\u00e1 tus preguntas\" alt=\"manda-tu-consulta\" src=\"https:\/\/psicologo-especialista-barcelona.com\/blog\/wp-content\/uploads\/2012\/12\/manda-tu-consulta.png\" width=\"200\" height=\"107\" \/><\/a><br \/>\nRub\u00e9n Blasco, Psic\u00f3logo Colegiado N\u00ba 14830.<\/p>\n<p>M\u00e1s informaci\u00f3n en<a href=\"http:\/\/psicologo-especialista-barcelona.com\" target=\"_blank\"> psicologo-especialista-barcelona.com<\/a><\/p>\n","protected":false},"excerpt":{"rendered":"<p>PREGUNTA Necesito apoyo Buenas tardes, llevo mucho tiempo pensando con quien podr\u00eda hablar sobre el tema, inform\u00e1ndome en internet encontr\u00e9 su p\u00e1gina, primero admiraci\u00f3n por el tiempo que dedica en ayudar a los dem\u00e1s. Me encuentro en una situaci\u00f3n muy delicada y no s\u00e9 qu\u00e9 hacer, me siento agotada y triste y yo me considero &hellip; <\/p>\n<p><a class=\"more-link btn\" href=\"https:\/\/psicologo-especialista-barcelona.com\/blog\/apoyo-psicologico\/que-le-pasa-a-mi-marido\/\">Seguir leyendo<\/a><\/p>\n","protected":false},"author":1,"featured_media":0,"parent":630,"menu_order":0,"comment_status":"open","ping_status":"open","template":"","meta":[],"aioseo_notices":[],"_links":{"self":[{"href":"https:\/\/psicologo-especialista-barcelona.com\/blog\/wp-json\/wp\/v2\/pages\/1174"}],"collection":[{"href":"https:\/\/psicologo-especialista-barcelona.com\/blog\/wp-json\/wp\/v2\/pages"}],"about":[{"href":"https:\/\/psicologo-especialista-barcelona.com\/blog\/wp-json\/wp\/v2\/types\/page"}],"author":[{"embeddable":true,"href":"https:\/\/psicologo-especialista-barcelona.com\/blog\/wp-json\/wp\/v2\/users\/1"}],"replies":[{"embeddable":true,"href":"https:\/\/psicologo-especialista-barcelona.com\/blog\/wp-json\/wp\/v2\/comments?post=1174"}],"version-history":[{"count":19,"href":"https:\/\/psicologo-especialista-barcelona.com\/blog\/wp-json\/wp\/v2\/pages\/1174\/revisions"}],"predecessor-version":[{"id":1544,"href":"https:\/\/psicologo-especialista-barcelona.com\/blog\/wp-json\/wp\/v2\/pages\/1174\/revisions\/1544"}],"up":[{"embeddable":true,"href":"https:\/\/psicologo-especialista-barcelona.com\/blog\/wp-json\/wp\/v2\/pages\/630"}],"wp:attachment":[{"href":"https:\/\/psicologo-especialista-barcelona.com\/blog\/wp-json\/wp\/v2\/media?parent=1174"}],"curies":[{"name":"wp","href":"https:\/\/api.w.org\/{rel}","templated":true}]}}